{"id":58,"date":"2014-04-20T02:57:42","date_gmt":"2014-04-20T00:57:42","guid":{"rendered":"http:\/\/englmann-service-bauelemente.de\/?page_id=58"},"modified":"2015-12-11T15:24:03","modified_gmt":"2015-12-11T13:24:03","slug":"anfahrt","status":"publish","type":"page","link":"https:\/\/www.englmann-service-bauelemente.de\/?page_id=58","title":{"rendered":"Anfahrt"},"content":{"rendered":"<h2 style=\"text-align: center;\"><strong>Englmann Service Bauelemente<\/strong><\/h2>\n<h2 style=\"text-align: center;\"><\/h2>\n<p><a href=\"https:\/\/www.englmann-service-bauelemente.de\/wp-content\/uploads\/2014\/04\/IMG_6899s.jpg\">\u00a0\u00a0\u00a0\u00a0\u00a0\u00a0\u00a0\u00a0\u00a0\u00a0\u00a0\u00a0\u00a0\u00a0\u00a0\u00a0\u00a0\u00a0\u00a0\u00a0\u00a0\u00a0\u00a0\u00a0\u00a0\u00a0\u00a0 \u00a0 \u00a0\u00a0\u00a0\u00a0 <img loading=\"lazy\" class=\"alignnone size-medium wp-image-259\" src=\"https:\/\/www.englmann-service-bauelemente.de\/wp-content\/uploads\/2014\/04\/IMG_6899s-300x193.jpg\" alt=\"IMG_6899s\" width=\"300\" height=\"193\" srcset=\"https:\/\/www.englmann-service-bauelemente.de\/wp-content\/uploads\/2014\/04\/IMG_6899s-300x193.jpg 300w, https:\/\/www.englmann-service-bauelemente.de\/wp-content\/uploads\/2014\/04\/IMG_6899s-1024x660.jpg 1024w\" sizes=\"(max-width: 300px) 100vw, 300px\" \/><\/a><\/p>\n<h2 style=\"text-align: left;\"><strong>B\u00fcro M\u00fcnchen Nord<\/strong><\/h2>\n<p>Ansprechpartner: Herr Englmann<br \/>\nMax-W\u00f6nner-Str. 30<br \/>\n80995 M\u00fcnchen<\/p>\n<p><strong>Telefon:089\/44 31 22 70<\/strong><br \/>\n<strong>Mobil: 0178\/720 58 87<br \/>\n<\/strong>eMail: <a href=\"mailto:iman@englmann-service-bauelemente.de\">iman@englmann-service-bauelemente.de<\/a><\/p>\n<h2><strong>B\u00fcro M\u00fcnchen S\u00fcd<\/strong><\/h2>\n<p>Ansprechpartner: Herr Kreitmeier<\/p>\n<h2><strong>B\u00fcro M\u00fcnchen Mitte<\/strong><\/h2>\n<p>Ansprechpartner: Herr Eckbach<\/p>\n<h2><strong>So finden Sie uns: Englmann Service Bauelemente<\/strong><\/h2>\n\n\t\t<div id=\"intergeo_mapMTN\" class=\"intergeo_map_canvas\" style=\"width:100%;height:300px;width:100%;height:300px;\"><\/div>\n\t\t<script type=\"text\/javascript\">\n\t\t\t\/* <![CDATA[ *\/\n\t\t\tif (!window.intergeo_maps) window.intergeo_maps = [];\n\t\t\twindow.intergeo_maps.push( { container: 'intergeo_mapMTN', options: {\"lat\":48.200087208875,\"lng\":11.53115,\"zoom\":15,\"map\":{\"minZoom\":10,\"panControl\":false,\"overviewMapControl\":true},\"styles\":{\"type\":\"MIXED\"},\"overlays\":{\"marker\":[{\"position\":[\"48.200107\",\"11.53116\"],\"icon\":false,\"info\":\"Max-W\\u00f6nner-Stra\\u00dfe 30\\r\\n80995 M\\u00fcnchen\\r\\nTelefon 089\\\/32462989\",\"title\":\"Englmann Service Bauelemente\"}]}} } );\n\t\t\t\/* ]]> *\/\n\t\t<\/script>\n\t\t\n","protected":false},"excerpt":{"rendered":"<p>Englmann Service Bauelemente \u00a0\u00a0\u00a0\u00a0\u00a0\u00a0\u00a0\u00a0\u00a0\u00a0\u00a0\u00a0\u00a0\u00a0\u00a0\u00a0\u00a0\u00a0\u00a0\u00a0\u00a0\u00a0\u00a0\u00a0\u00a0\u00a0\u00a0 \u00a0 \u00a0\u00a0\u00a0\u00a0 B\u00fcro M\u00fcnchen Nord Ansprechpartner: Herr Englmann Max-W\u00f6nner-Str. 30 80995 M\u00fcnchen Telefon:089\/44 31 22 70 Mobil: 0178\/720 58 87 eMail: iman@englmann-service-bauelemente.de B\u00fcro M\u00fcnchen S\u00fcd Ansprechpartner: Herr Kreitmeier B\u00fcro M\u00fcnchen Mitte Ansprechpartner: Herr Eckbach So finden&hellip; <\/p>\n","protected":false},"author":1,"featured_media":0,"parent":0,"menu_order":0,"comment_status":"closed","ping_status":"open","template":"","meta":[],"_links":{"self":[{"href":"https:\/\/www.englmann-service-bauelemente.de\/index.php?rest_route=\/wp\/v2\/pages\/58"}],"collection":[{"href":"https:\/\/www.englmann-service-bauelemente.de\/index.php?rest_route=\/wp\/v2\/pages"}],"about":[{"href":"https:\/\/www.englmann-service-bauelemente.de\/index.php?rest_route=\/wp\/v2\/types\/page"}],"author":[{"embeddable":true,"href":"https:\/\/www.englmann-service-bauelemente.de\/index.php?rest_route=\/wp\/v2\/users\/1"}],"replies":[{"embeddable":true,"href":"https:\/\/www.englmann-service-bauelemente.de\/index.php?rest_route=%2Fwp%2Fv2%2Fcomments&post=58"}],"version-history":[{"count":11,"href":"https:\/\/www.englmann-service-bauelemente.de\/index.php?rest_route=\/wp\/v2\/pages\/58\/revisions"}],"predecessor-version":[{"id":262,"href":"https:\/\/www.englmann-service-bauelemente.de\/index.php?rest_route=\/wp\/v2\/pages\/58\/revisions\/262"}],"wp:attachment":[{"href":"https:\/\/www.englmann-service-bauelemente.de\/index.php?rest_route=%2Fwp%2Fv2%2Fmedia&parent=58"}],"curies":[{"name":"wp","href":"https:\/\/api.w.org\/{rel}","templated":true}]}}