{"id":6,"date":"2014-04-20T00:35:42","date_gmt":"2014-04-19T22:35:42","guid":{"rendered":"http:\/\/englmann-service-bauelemente.de\/?page_id=6"},"modified":"2017-06-13T15:07:12","modified_gmt":"2017-06-13T13:07:12","slug":"6-2","status":"publish","type":"page","link":"https:\/\/www.englmann-service-bauelemente.de\/","title":{"rendered":"home"},"content":{"rendered":"<h1 style=\"text-align: center;\"><strong><a href=\"https:\/\/www.englmann-service-bauelemente.de\/wp-content\/uploads\/2014\/04\/IMG_6909s.jpg\"><img loading=\"lazy\" class=\"alignnone size-medium wp-image-261\" src=\"https:\/\/www.englmann-service-bauelemente.de\/wp-content\/uploads\/2014\/04\/IMG_6909s-204x300.jpg\" alt=\"IMG_6909s\" width=\"204\" height=\"300\" srcset=\"https:\/\/www.englmann-service-bauelemente.de\/wp-content\/uploads\/2014\/04\/IMG_6909s-204x300.jpg 204w, https:\/\/www.englmann-service-bauelemente.de\/wp-content\/uploads\/2014\/04\/IMG_6909s-696x1024.jpg 696w\" sizes=\"(max-width: 204px) 100vw, 204px\" \/><\/a><\/strong><\/h1>\n<h1 style=\"text-align: center;\"><\/h1>\n<h1 style=\"text-align: center;\"><strong>Willkommen bei ESB M\u00fcnchen &#8211; Bauelemente und Service<\/strong><\/h1>\n<p>&nbsp;<\/p>\n<h1 style=\"text-align: center;\"><span style=\"color: #ff0000;\"><strong>Ihr Partner f\u00fcr Komplettsanierungen<\/strong><\/span><\/h1>\n<p>&nbsp;<\/p>\n<p>ESB &#8211; Ihr Leistungsstarkes Unternehmen, wenn es um Fenster, T\u00fcren, Solar, D\u00e4cher, Fassaden, Innent\u00fcren, Wohnungseingangst\u00fcren, Garagentore, Faltanlagen, Balkonverglasungen, Terrassen\u00fcberdachungen, Dachfl\u00e4chenfenster, Automatikschiebet\u00fcren, Altbausanierung, W\u00e4rmed\u00e4mmung u.v.m. geht. Bei uns bekommen Sie eine individuelle Beratung und professionelle Umsetzung Ihrer Wohnideen.<br \/>\nWir stehen Ihnen als kompetenter Partner in allen Fragen zur Verf\u00fcgung.<\/p>\n<ul type=\"disc\">\n<li>Beratung<\/li>\n<li>Planung<\/li>\n<li>Montage<\/li>\n<li>Service<\/li>\n<li>Festpreisgarantie<\/li>\n<\/ul>\n<p><strong>WIR UNTERBIETEN JEDES ANGEBOT!<\/strong><\/p>\n<p><strong>Sie haben woanders Bauelemente gefunden, die Ihnen gefallen?<\/strong> Wir unterbieten jedes Angebot \u2013 mit unseren Produkten. Nutzen Sie unseren <a title=\"Beratungsgutschein\" href=\"https:\/\/www.englmann-service-bauelemente.de\/Beratungsgutschein.pdf\"><strong>\u00bb Beratungsgutschein<\/strong><\/a>, damit wir Ihnen ein unschlagbar g\u00fcnstiges Angebot unterbreiten k\u00f6nnen<\/p>\n<h2><strong>Wir stellen uns vor!<\/strong><\/h2>\n<p>Herzlich Willkommen bei der ESB! Wir freuen uns sehr, Sie auf unserer Seite begr\u00fc\u00dfen zu d\u00fcrfen und sch\u00e4tzen uns gl\u00fccklich, dass Sie den Weg zu uns gefunden haben.<\/p>\n<p>Wir -die ESB- sind ein leistungsstarker Service im Bauelementenbereich. Wir stehen als kompetentes Bauelemente-Unternehmen an Ihrer Seite, wenn Sie Ihre Wohnideen umsetzen m\u00f6chten. Wenn es um T\u00fcren, Fenster, Solar, D\u00e4cher, Automatikt\u00fcren, Faltanlagen u.v.m. geht, dann helfen wir Ihnen gerne weiter.<\/p>\n<p>Oder ben\u00f6tigen Sie eine professionelle Fassadend\u00e4mmung? Ganz egal, was Sie sich auch rund ums Haus vorgestellt haben, wir m\u00f6chten Ihnen dabei helfen, durch unseren gro\u00dfen Erfahrungsschatz, auch Ihre W\u00fcnsche zur Wirklichkeit werden zu lassen. Sehr gerne k\u00f6nnen Sie nat\u00fcrlich sich einmal die <strong>Kundenmeinungen<\/strong> unten auf der Seite durchlesen, um sich ein Bild \u00fcber den Eindruck zu machen, den wir bei anderen Kunden hinterlassen haben. Wir w\u00fcrden uns freuen, wenn auch Sie bald zu unseren Kunden z\u00e4hlen w\u00fcrden! <a title=\"Kontaktdaten\" href=\"http:\/\/englmann-service-bauelemente.de\/?page_id=11\">Wir beraten Sie <\/a>und besprechen mit Ihnen Ihre W\u00fcnsche und Vorstellungen bei allen Anliegen rund ums Haus. Wenn Sie Hilfe bei der Planung ben\u00f6tigen, dann sind wir gerne bereit, mit Ihnen gemeinsam Ihre Pl\u00e4ne durchzusprechen.<\/p>\n<p>Wir beraten Sie unverbindlich und unabh\u00e4ngig und montieren vor Ort unsere <a title=\"Unsere Produkte\" href=\"http:\/\/englmann-service-bauelemente.de\/?page_id=16\">Produkte<\/a> nach neusten technischen Vorgaben. Bei uns erhalten Sie neueste Technik, qualitativ hochwertige Produkte und besten Service. Wir legen Wert darauf, umweltfreundliche und kosteneffiziente Energiesparprodukte einzubauen und Ihnen ein m\u00f6glichst allumfassendes Angebot zu bieten.<\/p>\n<p>Es ist uns in den letzten 11 Jahren gelungen, ein stabiles Vertriebsnetz mit einigen gro\u00dfen Partnern, wie z.B. Sch\u00fcco, Bayerwald, Bay. Handwerker Service \u201eBHS\u201c, Velux, Dorma, Lumon und Sonnentor aufzubauen.<\/p>\n<p>Oben sehen Sie auch \u201e<a title=\"Unsere Leistungen\" href=\"http:\/\/englmann-service-bauelemente.de\/?page_id=14\">Service<\/a>\u201c. Dort bekommen Sie alle wichtigen Informationen rund um unsere Dienstleistungen auf einen Blick. Sollten Sie noch Fragen zu den Produkten und Dienstleistungen haben oder etwas w\u00fcnschen, was wir nicht aufgelistet haben, dann wenden Sie sich gerne einfach an uns. <a title=\"Kontaktdaten\" href=\"http:\/\/englmann-service-bauelemente.de\/?page_id=11\">Kontaktieren<\/a> Sie uns einfach, wir beraten Sie gerne individuell.<\/p>\n<p>Unser Dienst ist rund um die Uhr f\u00fcr Sie da. Gerne k\u00f6nnen Sie uns anrufen, eine Email schreiben oder einfach unser praktisches Online-Anfrage-Formular nutzen. Klicken Sie hierzu einfach oben rechts auf \u201e<a title=\"Kontaktdaten\" href=\"http:\/\/englmann-service-bauelemente.de\/?page_id=11\">Anfrage<\/a>\u201c oder \u201e<a title=\"Kontaktdaten\" href=\"http:\/\/englmann-service-bauelemente.de\/?page_id=11\">Kontakt<\/a>\u201c. Wir freuen uns auf Ihre Fragen!<\/p>\n<h2><strong>\u00a0Unsere Partner :<\/strong><\/h2>\n<p><code><div id=\"logo-slider-wraper\"><ul id=\"logo-slider\"><\/ul><\/div><\/code><\/p>\n<p>&nbsp;<\/p>\n<h2><strong>Kundenmeinungen<\/strong><\/h2>\n<div class=\"tmls style3 small_image\" ><div class=\"tmls_next_prev tmls_visible \">\n\t\t\t\t\t\t\t<a href=\"#\" class=\"tmls_prev large_radius\"><\/a>\n\t\t\t\t\t\t\t<a href=\"#\" class=\"tmls_next large_radius\"><\/a>\n\t\t\t\t\t\t<\/div>\n\t\t\t\t\t\t\n\t\t\t\t\t\t<div class=\"tmls_container tmls_slider\" data-autoplay=\"true\" data-pauseonhover=\"false\" data-scrollduration=\"500\" data-pauseduration=\"9000\"><div class=\"tmls_item\" style=\"border-color:#DDDDDD;\">\n\t\t\t\t\n\t\t\t\t<div class=\"tmls_text dialog_box small_radius\" style=\"font-family:Georgia, serif; color:#777777; font-size:14px;\">Hallo Herr Englmann, vielen Dank f\u00fcr Ihre sehr h\u00f6fliche und fachm\u00e4nnische Beratung und da\u00df Sie uns immer sehr kompetent zur Seite stehen! Der neue Auftrag Nr. 143059 geht so in Ordnung. Der Auftrag wird hiermit erteilt.<span class=\"tmls_arrow\"><\/span><\/div>\n\t\t\t\t\n\t\t\t\t<div class=\"tmls_image_position\">\n\t\t\t\t\t<div class=\"tmls_image large_radius\" style=\"\"><\/div>\n\t\t\t\t\n\t\t\t\t\t<div class=\"tmls_name\" style=\" color:#777777; font-size:15px; font-weight:bold;\">H.T<\/div>\n\t\t\t\t\t<div class=\"tmls_position\" style=\" color:#777777; font-size:12px;\">M\u00fcnchen\/Obermenzing \/ 02.12.2013<\/div>\n\t\t\t\t<\/div>\n\t\t\t\t\n\n\t\t\t<\/div><div class=\"tmls_item\" style=\"border-color:#DDDDDD;\">\n\t\t\t\t\n\t\t\t\t<div class=\"tmls_text dialog_box small_radius\" style=\"font-family:Georgia, serif; color:#777777; font-size:14px;\">Sehr geehrter Herr Englmann, unser Auftrag vom 02.08.13 ist nunmehr ordnungsgem\u00e4\u00df und zur vollen Zufriedenheit ausgef\u00fchrt. In diesem Zusammenhang m\u00f6chte ich besonders die Freundlichkeit und Professionalit\u00e4t Ihres Mitarbeiterteams betonen. Wir k\u00f6nnen jederzeit die Firma in unserem Bekanntenkreis weiter empfehlen. <span class=\"tmls_arrow\"><\/span><\/div>\n\t\t\t\t\n\t\t\t\t<div class=\"tmls_image_position\">\n\t\t\t\t\t<div class=\"tmls_image large_radius\" style=\"\"><\/div>\n\t\t\t\t\n\t\t\t\t\t<div class=\"tmls_name\" style=\" color:#777777; font-size:15px; font-weight:bold;\">P.S<\/div>\n\t\t\t\t\t<div class=\"tmls_position\" style=\" color:#777777; font-size:12px;\">M\u00fcnchen \/ 11.03.14<\/div>\n\t\t\t\t<\/div>\n\t\t\t\t\n\n\t\t\t<\/div><div class=\"tmls_item\" style=\"border-color:#DDDDDD;\">\n\t\t\t\t\n\t\t\t\t<div class=\"tmls_text dialog_box small_radius\" style=\"font-family:Georgia, serif; color:#777777; font-size:14px;\">\u201eSehr geehrter Herr Englmann, gestern wurde der Rollladen eingbaut und der Elektroanschlu\u00df durch die Fa. Pointvogel erledigt.\r\nDabei wurde auch die Schaltuhr f\u00fcr Einzelbedienung eingebaut. Diese funktioniert auch ganz gut. Mit freundlichen Gr\u00fc\u00dfen.<span class=\"tmls_arrow\"><\/span><\/div>\n\t\t\t\t\n\t\t\t\t<div class=\"tmls_image_position\">\n\t\t\t\t\t<div class=\"tmls_image large_radius\" style=\"\"><\/div>\n\t\t\t\t\n\t\t\t\t\t<div class=\"tmls_name\" style=\" color:#777777; font-size:15px; font-weight:bold;\">W.Knau<\/div>\n\t\t\t\t\t<div class=\"tmls_position\" style=\" color:#777777; font-size:12px;\">M\u00fcnchen \/ 26.08.2013<\/div>\n\t\t\t\t<\/div>\n\t\t\t\t\n\n\t\t\t<\/div><\/div><\/div>\n<address>\u00a0<\/address>\n<address><a title=\"Kundenmeinungen\" href=\"https:\/\/www.englmann-service-bauelemente.de\/?page_id=206\"><strong>Mehr Kundenmeinungen&#8230;<\/strong><\/a><\/address>\n<p>&nbsp;<\/p>\n","protected":false},"excerpt":{"rendered":"<p>Willkommen bei ESB M\u00fcnchen &#8211; Bauelemente und Service &nbsp; Ihr Partner f\u00fcr Komplettsanierungen &nbsp; ESB &#8211; Ihr Leistungsstarkes Unternehmen, wenn es um Fenster, T\u00fcren, Solar, D\u00e4cher, Fassaden, Innent\u00fcren, Wohnungseingangst\u00fcren, Garagentore, Faltanlagen, Balkonverglasungen, Terrassen\u00fcberdachungen, Dachfl\u00e4chenfenster, Automatikschiebet\u00fcren, Altbausanierung, W\u00e4rmed\u00e4mmung u.v.m. geht. Bei&hellip; <\/p>\n","protected":false},"author":1,"featured_media":0,"parent":0,"menu_order":0,"comment_status":"closed","ping_status":"closed","template":"","meta":[],"_links":{"self":[{"href":"https:\/\/www.englmann-service-bauelemente.de\/index.php?rest_route=\/wp\/v2\/pages\/6"}],"collection":[{"href":"https:\/\/www.englmann-service-bauelemente.de\/index.php?rest_route=\/wp\/v2\/pages"}],"about":[{"href":"https:\/\/www.englmann-service-bauelemente.de\/index.php?rest_route=\/wp\/v2\/types\/page"}],"author":[{"embeddable":true,"href":"https:\/\/www.englmann-service-bauelemente.de\/index.php?rest_route=\/wp\/v2\/users\/1"}],"replies":[{"embeddable":true,"href":"https:\/\/www.englmann-service-bauelemente.de\/index.php?rest_route=%2Fwp%2Fv2%2Fcomments&post=6"}],"version-history":[{"count":40,"href":"https:\/\/www.englmann-service-bauelemente.de\/index.php?rest_route=\/wp\/v2\/pages\/6\/revisions"}],"predecessor-version":[{"id":388,"href":"https:\/\/www.englmann-service-bauelemente.de\/index.php?rest_route=\/wp\/v2\/pages\/6\/revisions\/388"}],"wp:attachment":[{"href":"https:\/\/www.englmann-service-bauelemente.de\/index.php?rest_route=%2Fwp%2Fv2%2Fmedia&parent=6"}],"curies":[{"name":"wp","href":"https:\/\/api.w.org\/{rel}","templated":true}]}}